{"id":937,"date":"2021-05-03T17:30:14","date_gmt":"2021-05-03T16:30:14","guid":{"rendered":"https:\/\/www.vladimircizek.com\/?page_id=937"},"modified":"2021-05-03T17:35:03","modified_gmt":"2021-05-03T16:35:03","slug":"runy","status":"publish","type":"page","link":"https:\/\/www.vladimircizek.com\/index.php\/runy\/","title":{"rendered":"Runy"},"content":{"rendered":"\n<p>Ve vikingsk\u00e9m um\u011bn\u00ed jsem na\u0161el jednu z inspirac\u00ed. Z p\u00edskovce jsem tvo\u0159il repliky runov\u00fdch kamen\u016f.<\/p>\n\n\n\n<div class=\"wp-block-columns is-layout-flex wp-container-core-columns-is-layout-1 wp-block-columns-is-layout-flex\">\n<div class=\"wp-block-column is-layout-flow wp-block-column-is-layout-flow\">\n<figure class=\"wp-block-gallery columns-1 is-cropped wp-block-gallery-1 is-layout-flex wp-block-gallery-is-layout-flex\"><ul class=\"blocks-gallery-grid\"><li class=\"blocks-gallery-item\"><figure><img loading=\"lazy\" decoding=\"async\" width=\"510\" height=\"768\" src=\"https:\/\/www.vladimircizek.com\/wp-content\/uploads\/2021\/05\/runovy-kamen-Large.jpg\" alt=\"\" data-id=\"938\" data-full-url=\"https:\/\/www.vladimircizek.com\/wp-content\/uploads\/2021\/05\/runovy-kamen-Large.jpg\" data-link=\"https:\/\/www.vladimircizek.com\/?attachment_id=938\" class=\"wp-image-938\" srcset=\"https:\/\/www.vladimircizek.com\/wp-content\/uploads\/2021\/05\/runovy-kamen-Large.jpg 510w, https:\/\/www.vladimircizek.com\/wp-content\/uploads\/2021\/05\/runovy-kamen-Large-199x300.jpg 199w\" sizes=\"(max-width: 510px) 100vw, 510px\" \/><\/figure><\/li><\/ul><\/figure>\n<\/div>\n\n\n\n<div class=\"wp-block-column is-layout-flow wp-block-column-is-layout-flow\">\n<figure class=\"wp-block-gallery columns-1 is-cropped wp-block-gallery-2 is-layout-flex wp-block-gallery-is-layout-flex\"><ul class=\"blocks-gallery-grid\"><li class=\"blocks-gallery-item\"><figure><img loading=\"lazy\" decoding=\"async\" width=\"708\" height=\"1024\" src=\"https:\/\/www.vladimircizek.com\/wp-content\/uploads\/2021\/05\/runovy-kamen-c.3-708x1024.jpg\" alt=\"\" data-id=\"939\" data-full-url=\"https:\/\/www.vladimircizek.com\/wp-content\/uploads\/2021\/05\/runovy-kamen-c.3-scaled.jpg\" data-link=\"https:\/\/www.vladimircizek.com\/?attachment_id=939\" class=\"wp-image-939\" srcset=\"https:\/\/www.vladimircizek.com\/wp-content\/uploads\/2021\/05\/runovy-kamen-c.3-708x1024.jpg 708w, https:\/\/www.vladimircizek.com\/wp-content\/uploads\/2021\/05\/runovy-kamen-c.3-207x300.jpg 207w, https:\/\/www.vladimircizek.com\/wp-content\/uploads\/2021\/05\/runovy-kamen-c.3-768x1110.jpg 768w, https:\/\/www.vladimircizek.com\/wp-content\/uploads\/2021\/05\/runovy-kamen-c.3-1062x1536.jpg 1062w, https:\/\/www.vladimircizek.com\/wp-content\/uploads\/2021\/05\/runovy-kamen-c.3-1416x2048.jpg 1416w, https:\/\/www.vladimircizek.com\/wp-content\/uploads\/2021\/05\/runovy-kamen-c.3-scaled.jpg 1771w\" sizes=\"(max-width: 708px) 100vw, 708px\" \/><\/figure><\/li><\/ul><\/figure>\n<\/div>\n<\/div>\n\n\n\n<div class=\"wp-block-columns is-layout-flex wp-container-core-columns-is-layout-2 wp-block-columns-is-layout-flex\">\n<div class=\"wp-block-column is-layout-flow wp-block-column-is-layout-flow\">\n<figure class=\"wp-block-image size-large\"><img loading=\"lazy\" decoding=\"async\" width=\"1024\" height=\"820\" src=\"https:\/\/www.vladimircizek.com\/wp-content\/uploads\/2021\/05\/runovy-kamen-s-drakem-1024x820.jpg\" alt=\"\" class=\"wp-image-942\" srcset=\"https:\/\/www.vladimircizek.com\/wp-content\/uploads\/2021\/05\/runovy-kamen-s-drakem-1024x820.jpg 1024w, https:\/\/www.vladimircizek.com\/wp-content\/uploads\/2021\/05\/runovy-kamen-s-drakem-300x240.jpg 300w, https:\/\/www.vladimircizek.com\/wp-content\/uploads\/2021\/05\/runovy-kamen-s-drakem-768x615.jpg 768w, https:\/\/www.vladimircizek.com\/wp-content\/uploads\/2021\/05\/runovy-kamen-s-drakem-1536x1230.jpg 1536w, https:\/\/www.vladimircizek.com\/wp-content\/uploads\/2021\/05\/runovy-kamen-s-drakem-2048x1640.jpg 2048w\" sizes=\"(max-width: 767px) 89vw, (max-width: 1000px) 54vw, (max-width: 1071px) 543px, 580px\" \/><\/figure>\n<\/div>\n\n\n\n<div class=\"wp-block-column is-layout-flow wp-block-column-is-layout-flow\">\n<figure class=\"wp-block-gallery columns-1 is-cropped wp-block-gallery-3 is-layout-flex wp-block-gallery-is-layout-flex\"><ul class=\"blocks-gallery-grid\"><li class=\"blocks-gallery-item\"><figure><img loading=\"lazy\" decoding=\"async\" width=\"1024\" height=\"768\" src=\"https:\/\/www.vladimircizek.com\/wp-content\/uploads\/2021\/05\/Disk-s-runami-Large.jpg\" alt=\"\" data-id=\"943\" data-full-url=\"https:\/\/www.vladimircizek.com\/wp-content\/uploads\/2021\/05\/Disk-s-runami-Large.jpg\" data-link=\"https:\/\/www.vladimircizek.com\/index.php\/runy\/disk-s-runami-large\/\" class=\"wp-image-943\" srcset=\"https:\/\/www.vladimircizek.com\/wp-content\/uploads\/2021\/05\/Disk-s-runami-Large.jpg 1024w, https:\/\/www.vladimircizek.com\/wp-content\/uploads\/2021\/05\/Disk-s-runami-Large-300x225.jpg 300w, https:\/\/www.vladimircizek.com\/wp-content\/uploads\/2021\/05\/Disk-s-runami-Large-768x576.jpg 768w\" sizes=\"(max-width: 767px) 89vw, (max-width: 1000px) 54vw, (max-width: 1071px) 543px, 580px\" \/><\/figure><\/li><\/ul><figcaption class=\"blocks-gallery-caption\">Disk z hov\u011bz\u00ed kosti s runami<\/figcaption><\/figure>\n<\/div>\n<\/div>\n\n\n\n<p><\/p>\n","protected":false},"excerpt":{"rendered":"<p>Ve vikingsk\u00e9m um\u011bn\u00ed jsem na\u0161el jednu z inspirac\u00ed. Z p\u00edskovce jsem tvo\u0159il repliky runov\u00fdch kamen\u016f.<\/p>\n","protected":false},"author":2,"featured_media":0,"parent":0,"menu_order":0,"comment_status":"closed","ping_status":"closed","template":"","meta":{"footnotes":""},"_links":{"self":[{"href":"https:\/\/www.vladimircizek.com\/index.php\/wp-json\/wp\/v2\/pages\/937"}],"collection":[{"href":"https:\/\/www.vladimircizek.com\/index.php\/wp-json\/wp\/v2\/pages"}],"about":[{"href":"https:\/\/www.vladimircizek.com\/index.php\/wp-json\/wp\/v2\/types\/page"}],"author":[{"embeddable":true,"href":"https:\/\/www.vladimircizek.com\/index.php\/wp-json\/wp\/v2\/users\/2"}],"replies":[{"embeddable":true,"href":"https:\/\/www.vladimircizek.com\/index.php\/wp-json\/wp\/v2\/comments?post=937"}],"version-history":[{"count":3,"href":"https:\/\/www.vladimircizek.com\/index.php\/wp-json\/wp\/v2\/pages\/937\/revisions"}],"predecessor-version":[{"id":941,"href":"https:\/\/www.vladimircizek.com\/index.php\/wp-json\/wp\/v2\/pages\/937\/revisions\/941"}],"wp:attachment":[{"href":"https:\/\/www.vladimircizek.com\/index.php\/wp-json\/wp\/v2\/media?parent=937"}],"curies":[{"name":"wp","href":"https:\/\/api.w.org\/{rel}","templated":true}]}}