{"id":923,"date":"2021-05-03T16:56:05","date_gmt":"2021-05-03T15:56:05","guid":{"rendered":"https:\/\/www.vladimircizek.com\/?page_id=923"},"modified":"2022-05-20T17:56:24","modified_gmt":"2022-05-20T16:56:24","slug":"aboriginal-art","status":"publish","type":"page","link":"https:\/\/www.vladimircizek.com\/index.php\/aboriginal-art\/","title":{"rendered":"Aboriginal art"},"content":{"rendered":"\n<p> Pro hotel Prad\u011bd ve Zlat\u00fdch hor\u00e1ch jsem vytvo\u0159il repliky australsk\u00e9ho aboriginal art<\/p>\n\n\n\n<div class=\"wp-block-columns is-layout-flex wp-container-core-columns-is-layout-1 wp-block-columns-is-layout-flex\">\n<div class=\"wp-block-column is-layout-flow wp-block-column-is-layout-flow\">\n<figure class=\"wp-block-gallery columns-1 is-cropped wp-block-gallery-1 is-layout-flex wp-block-gallery-is-layout-flex\"><ul class=\"blocks-gallery-grid\"><li class=\"blocks-gallery-item\"><figure><img loading=\"lazy\" decoding=\"async\" width=\"1024\" height=\"768\" src=\"https:\/\/www.vladimircizek.com\/wp-content\/uploads\/2021\/05\/abstraktni-1024x768.jpg\" alt=\"\" data-id=\"926\" data-full-url=\"https:\/\/www.vladimircizek.com\/wp-content\/uploads\/2021\/05\/abstraktni-rotated.jpg\" data-link=\"https:\/\/www.vladimircizek.com\/index.php\/aboriginal-art\/abstraktni\/\" class=\"wp-image-926\" srcset=\"https:\/\/www.vladimircizek.com\/wp-content\/uploads\/2021\/05\/abstraktni-1024x768.jpg 1024w, https:\/\/www.vladimircizek.com\/wp-content\/uploads\/2021\/05\/abstraktni-300x225.jpg 300w, https:\/\/www.vladimircizek.com\/wp-content\/uploads\/2021\/05\/abstraktni-768x576.jpg 768w, https:\/\/www.vladimircizek.com\/wp-content\/uploads\/2021\/05\/abstraktni-rotated.jpg 1040w\" sizes=\"(max-width: 767px) 89vw, (max-width: 1000px) 54vw, (max-width: 1071px) 543px, 580px\" \/><\/figure><\/li><\/ul><\/figure>\n<\/div>\n\n\n\n<div class=\"wp-block-column is-layout-flow wp-block-column-is-layout-flow\">\n<figure class=\"wp-block-gallery columns-1 is-cropped wp-block-gallery-2 is-layout-flex wp-block-gallery-is-layout-flex\"><ul class=\"blocks-gallery-grid\"><li class=\"blocks-gallery-item\"><figure><img loading=\"lazy\" decoding=\"async\" width=\"1024\" height=\"842\" src=\"https:\/\/www.vladimircizek.com\/wp-content\/uploads\/2021\/05\/IMG_20191112_093902-1-1024x842.jpg\" alt=\"\" data-id=\"929\" data-full-url=\"https:\/\/www.vladimircizek.com\/wp-content\/uploads\/2021\/05\/IMG_20191112_093902-1-scaled.jpg\" data-link=\"https:\/\/www.vladimircizek.com\/index.php\/aboriginal-art\/smart-21\/\" class=\"wp-image-929\" srcset=\"https:\/\/www.vladimircizek.com\/wp-content\/uploads\/2021\/05\/IMG_20191112_093902-1-1024x842.jpg 1024w, https:\/\/www.vladimircizek.com\/wp-content\/uploads\/2021\/05\/IMG_20191112_093902-1-300x247.jpg 300w, https:\/\/www.vladimircizek.com\/wp-content\/uploads\/2021\/05\/IMG_20191112_093902-1-768x632.jpg 768w, https:\/\/www.vladimircizek.com\/wp-content\/uploads\/2021\/05\/IMG_20191112_093902-1-1536x1263.jpg 1536w, https:\/\/www.vladimircizek.com\/wp-content\/uploads\/2021\/05\/IMG_20191112_093902-1-2048x1684.jpg 2048w\" sizes=\"(max-width: 767px) 89vw, (max-width: 1000px) 54vw, (max-width: 1071px) 543px, 580px\" \/><\/figure><\/li><\/ul><\/figure>\n<\/div>\n\n\n\n<div class=\"wp-block-column is-layout-flow wp-block-column-is-layout-flow\">\n<figure class=\"wp-block-gallery columns-1 is-cropped wp-block-gallery-3 is-layout-flex wp-block-gallery-is-layout-flex\"><ul class=\"blocks-gallery-grid\"><li class=\"blocks-gallery-item\"><figure><img loading=\"lazy\" decoding=\"async\" width=\"1024\" height=\"768\" src=\"https:\/\/www.vladimircizek.com\/wp-content\/uploads\/2021\/05\/IMG_20191025_133735-1-1024x768.jpg\" alt=\"\" data-id=\"930\" data-full-url=\"https:\/\/www.vladimircizek.com\/wp-content\/uploads\/2021\/05\/IMG_20191025_133735-1-scaled.jpg\" data-link=\"https:\/\/www.vladimircizek.com\/index.php\/aboriginal-art\/smart-22\/\" class=\"wp-image-930\" srcset=\"https:\/\/www.vladimircizek.com\/wp-content\/uploads\/2021\/05\/IMG_20191025_133735-1-1024x768.jpg 1024w, https:\/\/www.vladimircizek.com\/wp-content\/uploads\/2021\/05\/IMG_20191025_133735-1-300x225.jpg 300w, https:\/\/www.vladimircizek.com\/wp-content\/uploads\/2021\/05\/IMG_20191025_133735-1-768x576.jpg 768w, https:\/\/www.vladimircizek.com\/wp-content\/uploads\/2021\/05\/IMG_20191025_133735-1-1536x1152.jpg 1536w, https:\/\/www.vladimircizek.com\/wp-content\/uploads\/2021\/05\/IMG_20191025_133735-1-2048x1536.jpg 2048w\" sizes=\"(max-width: 767px) 89vw, (max-width: 1000px) 54vw, (max-width: 1071px) 543px, 580px\" \/><\/figure><\/li><\/ul><\/figure>\n<\/div>\n<\/div>\n\n\n\n<div class=\"wp-block-columns is-layout-flex wp-container-core-columns-is-layout-3 wp-block-columns-is-layout-flex\">\n<div class=\"wp-block-column is-layout-flow wp-block-column-is-layout-flow\">\n<figure class=\"wp-block-gallery columns-1 is-cropped wp-block-gallery-4 is-layout-flex wp-block-gallery-is-layout-flex\"><ul class=\"blocks-gallery-grid\"><li class=\"blocks-gallery-item\"><figure><img loading=\"lazy\" decoding=\"async\" width=\"1024\" height=\"768\" src=\"https:\/\/www.vladimircizek.com\/wp-content\/uploads\/2021\/05\/IMG_20191014_152440-1024x768.jpg\" alt=\"\" data-id=\"931\" data-full-url=\"https:\/\/www.vladimircizek.com\/wp-content\/uploads\/2021\/05\/IMG_20191014_152440-scaled.jpg\" data-link=\"https:\/\/www.vladimircizek.com\/index.php\/aboriginal-art\/smart-23\/\" class=\"wp-image-931\" srcset=\"https:\/\/www.vladimircizek.com\/wp-content\/uploads\/2021\/05\/IMG_20191014_152440-1024x768.jpg 1024w, https:\/\/www.vladimircizek.com\/wp-content\/uploads\/2021\/05\/IMG_20191014_152440-300x225.jpg 300w, https:\/\/www.vladimircizek.com\/wp-content\/uploads\/2021\/05\/IMG_20191014_152440-768x576.jpg 768w, https:\/\/www.vladimircizek.com\/wp-content\/uploads\/2021\/05\/IMG_20191014_152440-1536x1152.jpg 1536w, https:\/\/www.vladimircizek.com\/wp-content\/uploads\/2021\/05\/IMG_20191014_152440-2048x1536.jpg 2048w\" sizes=\"(max-width: 767px) 89vw, (max-width: 1000px) 54vw, (max-width: 1071px) 543px, 580px\" \/><\/figure><\/li><\/ul><\/figure>\n<\/div>\n\n\n\n<div class=\"wp-block-column is-layout-flow wp-block-column-is-layout-flow\">\n<figure class=\"wp-block-gallery columns-1 is-cropped wp-block-gallery-5 is-layout-flex wp-block-gallery-is-layout-flex\"><ul class=\"blocks-gallery-grid\"><li class=\"blocks-gallery-item\"><figure><img loading=\"lazy\" decoding=\"async\" width=\"768\" height=\"1024\" src=\"https:\/\/www.vladimircizek.com\/wp-content\/uploads\/2021\/05\/IMG_20191119_084401_resized_20191206_104849500-768x1024.jpg\" alt=\"\" data-id=\"932\" data-full-url=\"https:\/\/www.vladimircizek.com\/wp-content\/uploads\/2021\/05\/IMG_20191119_084401_resized_20191206_104849500.jpg\" data-link=\"https:\/\/www.vladimircizek.com\/index.php\/aboriginal-art\/img_20191119_084401_resized_20191206_104849500\/\" class=\"wp-image-932\" srcset=\"https:\/\/www.vladimircizek.com\/wp-content\/uploads\/2021\/05\/IMG_20191119_084401_resized_20191206_104849500-768x1024.jpg 768w, https:\/\/www.vladimircizek.com\/wp-content\/uploads\/2021\/05\/IMG_20191119_084401_resized_20191206_104849500-225x300.jpg 225w, https:\/\/www.vladimircizek.com\/wp-content\/uploads\/2021\/05\/IMG_20191119_084401_resized_20191206_104849500.jpg 780w\" sizes=\"(max-width: 767px) 89vw, (max-width: 1000px) 54vw, (max-width: 1071px) 543px, 580px\" \/><\/figure><\/li><\/ul><\/figure>\n<\/div>\n\n\n\n<div class=\"wp-block-column is-layout-flow wp-block-column-is-layout-flow\">\n<figure class=\"wp-block-gallery columns-1 is-cropped wp-block-gallery-6 is-layout-flex wp-block-gallery-is-layout-flex\"><ul class=\"blocks-gallery-grid\"><li class=\"blocks-gallery-item\"><figure><img loading=\"lazy\" decoding=\"async\" width=\"768\" height=\"1024\" src=\"https:\/\/www.vladimircizek.com\/wp-content\/uploads\/2021\/05\/IMG_20191024_175232-768x1024.jpg\" alt=\"\" data-id=\"933\" data-full-url=\"https:\/\/www.vladimircizek.com\/wp-content\/uploads\/2021\/05\/IMG_20191024_175232-scaled.jpg\" data-link=\"https:\/\/www.vladimircizek.com\/index.php\/aboriginal-art\/smart-24\/\" class=\"wp-image-933\" srcset=\"https:\/\/www.vladimircizek.com\/wp-content\/uploads\/2021\/05\/IMG_20191024_175232-768x1024.jpg 768w, https:\/\/www.vladimircizek.com\/wp-content\/uploads\/2021\/05\/IMG_20191024_175232-225x300.jpg 225w, https:\/\/www.vladimircizek.com\/wp-content\/uploads\/2021\/05\/IMG_20191024_175232-1152x1536.jpg 1152w, https:\/\/www.vladimircizek.com\/wp-content\/uploads\/2021\/05\/IMG_20191024_175232-1536x2048.jpg 1536w, https:\/\/www.vladimircizek.com\/wp-content\/uploads\/2021\/05\/IMG_20191024_175232-scaled.jpg 1920w\" sizes=\"(max-width: 767px) 89vw, (max-width: 1000px) 54vw, (max-width: 1071px) 543px, 580px\" \/><\/figure><\/li><\/ul><\/figure>\n\n\n\n<div class=\"wp-block-columns is-layout-flex wp-container-core-columns-is-layout-2 wp-block-columns-is-layout-flex\">\n<div class=\"wp-block-column is-layout-flow wp-block-column-is-layout-flow\">\n<p><\/p>\n<\/div>\n<\/div>\n<\/div>\n<\/div>\n","protected":false},"excerpt":{"rendered":"<p>Pro hotel Prad\u011bd ve Zlat\u00fdch hor\u00e1ch jsem vytvo\u0159il repliky australsk\u00e9ho aboriginal art<\/p>\n","protected":false},"author":2,"featured_media":0,"parent":0,"menu_order":0,"comment_status":"closed","ping_status":"closed","template":"","meta":{"footnotes":""},"_links":{"self":[{"href":"https:\/\/www.vladimircizek.com\/index.php\/wp-json\/wp\/v2\/pages\/923"}],"collection":[{"href":"https:\/\/www.vladimircizek.com\/index.php\/wp-json\/wp\/v2\/pages"}],"about":[{"href":"https:\/\/www.vladimircizek.com\/index.php\/wp-json\/wp\/v2\/types\/page"}],"author":[{"embeddable":true,"href":"https:\/\/www.vladimircizek.com\/index.php\/wp-json\/wp\/v2\/users\/2"}],"replies":[{"embeddable":true,"href":"https:\/\/www.vladimircizek.com\/index.php\/wp-json\/wp\/v2\/comments?post=923"}],"version-history":[{"count":4,"href":"https:\/\/www.vladimircizek.com\/index.php\/wp-json\/wp\/v2\/pages\/923\/revisions"}],"predecessor-version":[{"id":1070,"href":"https:\/\/www.vladimircizek.com\/index.php\/wp-json\/wp\/v2\/pages\/923\/revisions\/1070"}],"wp:attachment":[{"href":"https:\/\/www.vladimircizek.com\/index.php\/wp-json\/wp\/v2\/media?parent=923"}],"curies":[{"name":"wp","href":"https:\/\/api.w.org\/{rel}","templated":true}]}}