{"id":671,"date":"2021-03-14T20:19:13","date_gmt":"2021-03-14T19:19:13","guid":{"rendered":"https:\/\/www.vladimircizek.com\/?page_id=671"},"modified":"2022-05-20T18:04:11","modified_gmt":"2022-05-20T17:04:11","slug":"dalsi-vlastni-obrazy-rezby-a-sochy","status":"publish","type":"page","link":"https:\/\/www.vladimircizek.com\/index.php\/dalsi-vlastni-obrazy-rezby-a-sochy\/","title":{"rendered":"Dal\u0161\u00ed vlastn\u00ed obrazy, \u0159ezby a sochy"},"content":{"rendered":"\n<div class=\"wp-block-columns is-layout-flex wp-container-core-columns-is-layout-1 wp-block-columns-is-layout-flex\">\n<div class=\"wp-block-column is-layout-flow wp-block-column-is-layout-flow\">\n<figure class=\"wp-block-image size-large\"><img loading=\"lazy\" decoding=\"async\" width=\"1024\" height=\"808\" src=\"https:\/\/www.vladimircizek.com\/wp-content\/uploads\/2021\/03\/Doma-spici-Venuse2-1024x808.jpg\" alt=\"\" class=\"wp-image-672\" srcset=\"https:\/\/www.vladimircizek.com\/wp-content\/uploads\/2021\/03\/Doma-spici-Venuse2-1024x808.jpg 1024w, https:\/\/www.vladimircizek.com\/wp-content\/uploads\/2021\/03\/Doma-spici-Venuse2-300x237.jpg 300w, https:\/\/www.vladimircizek.com\/wp-content\/uploads\/2021\/03\/Doma-spici-Venuse2-768x606.jpg 768w, https:\/\/www.vladimircizek.com\/wp-content\/uploads\/2021\/03\/Doma-spici-Venuse2-1536x1212.jpg 1536w, https:\/\/www.vladimircizek.com\/wp-content\/uploads\/2021\/03\/Doma-spici-Venuse2-2048x1617.jpg 2048w\" sizes=\"(max-width: 767px) 89vw, (max-width: 1000px) 54vw, (max-width: 1071px) 543px, 580px\" \/><figcaption>Doma sp\u00edc\u00ed Venu\u0161e<\/figcaption><\/figure>\n<\/div>\n\n\n\n<div class=\"wp-block-column is-layout-flow wp-block-column-is-layout-flow\">\n<figure class=\"wp-block-image size-large is-resized\"><img loading=\"lazy\" decoding=\"async\" src=\"https:\/\/www.vladimircizek.com\/wp-content\/uploads\/2021\/03\/Ruze-v-modre-1-822x1024.jpg\" alt=\"\" class=\"wp-image-677\" width=\"153\" height=\"193\"\/><figcaption>R\u016f\u017ee v modr\u00e9 <\/figcaption><\/figure>\n<\/div>\n\n\n\n<div class=\"wp-block-column is-layout-flow wp-block-column-is-layout-flow\">\n<figure class=\"wp-block-image size-large is-resized\"><img loading=\"lazy\" decoding=\"async\" src=\"https:\/\/www.vladimircizek.com\/wp-content\/uploads\/2021\/03\/Sen-noci-svatojanske-768x1024.jpg\" alt=\"\" class=\"wp-image-678\" width=\"153\" height=\"203\" srcset=\"https:\/\/www.vladimircizek.com\/wp-content\/uploads\/2021\/03\/Sen-noci-svatojanske-768x1024.jpg 768w, https:\/\/www.vladimircizek.com\/wp-content\/uploads\/2021\/03\/Sen-noci-svatojanske-225x300.jpg 225w, https:\/\/www.vladimircizek.com\/wp-content\/uploads\/2021\/03\/Sen-noci-svatojanske.jpg 780w\" sizes=\"(max-width: 153px) 100vw, 153px\" \/><figcaption>Sen noci Svatojansk\u00e9  inspirace J.Trnka a J.V.Straka<\/figcaption><\/figure>\n<\/div>\n<\/div>\n\n\n\n<div class=\"wp-block-columns is-layout-flex wp-container-core-columns-is-layout-2 wp-block-columns-is-layout-flex\">\n<div class=\"wp-block-column is-layout-flow wp-block-column-is-layout-flow\">\n<figure class=\"wp-block-image size-large is-resized\"><img loading=\"lazy\" decoding=\"async\" src=\"https:\/\/www.vladimircizek.com\/wp-content\/uploads\/2021\/03\/Torza-v-pousti-1024x583.jpg\" alt=\"\" class=\"wp-image-679\" width=\"203\" height=\"115\" srcset=\"https:\/\/www.vladimircizek.com\/wp-content\/uploads\/2021\/03\/Torza-v-pousti-1024x583.jpg 1024w, https:\/\/www.vladimircizek.com\/wp-content\/uploads\/2021\/03\/Torza-v-pousti-300x171.jpg 300w, https:\/\/www.vladimircizek.com\/wp-content\/uploads\/2021\/03\/Torza-v-pousti-768x437.jpg 768w, https:\/\/www.vladimircizek.com\/wp-content\/uploads\/2021\/03\/Torza-v-pousti-1536x874.jpg 1536w, https:\/\/www.vladimircizek.com\/wp-content\/uploads\/2021\/03\/Torza-v-pousti-2048x1165.jpg 2048w\" sizes=\"(max-width: 203px) 100vw, 203px\" \/><figcaption>Torza v pou\u0161ti<\/figcaption><\/figure>\n<\/div>\n\n\n\n<div class=\"wp-block-column is-layout-flow wp-block-column-is-layout-flow\">\n<figure class=\"wp-block-image size-large\"><img loading=\"lazy\" decoding=\"async\" width=\"1024\" height=\"768\" src=\"https:\/\/www.vladimircizek.com\/wp-content\/uploads\/2021\/03\/cert-3-1024x768.jpg\" alt=\"\" class=\"wp-image-680\" srcset=\"https:\/\/www.vladimircizek.com\/wp-content\/uploads\/2021\/03\/cert-3-1024x768.jpg 1024w, https:\/\/www.vladimircizek.com\/wp-content\/uploads\/2021\/03\/cert-3-300x225.jpg 300w, https:\/\/www.vladimircizek.com\/wp-content\/uploads\/2021\/03\/cert-3-768x576.jpg 768w, https:\/\/www.vladimircizek.com\/wp-content\/uploads\/2021\/03\/cert-3-1536x1152.jpg 1536w, https:\/\/www.vladimircizek.com\/wp-content\/uploads\/2021\/03\/cert-3-2048x1536.jpg 2048w\" sizes=\"(max-width: 767px) 89vw, (max-width: 1000px) 54vw, (max-width: 1071px) 543px, 580px\" \/><figcaption>\u010cert\u00edk z porobetonu<\/figcaption><\/figure>\n<\/div>\n\n\n\n<div class=\"wp-block-column is-layout-flow wp-block-column-is-layout-flow\">\n<figure class=\"wp-block-image size-large is-resized\"><img loading=\"lazy\" decoding=\"async\" src=\"https:\/\/www.vladimircizek.com\/wp-content\/uploads\/2021\/03\/runovy-kamen-Large.jpg\" alt=\"\" class=\"wp-image-681\" width=\"139\" height=\"208\"\/><figcaption>Runov\u00fd k\u00e1men <\/figcaption><\/figure>\n\n\n\n<div class=\"wp-block-group\"><div class=\"wp-block-group__inner-container is-layout-flow wp-block-group-is-layout-flow\"><\/div><\/div>\n<\/div>\n<\/div>\n\n\n\n<div class=\"wp-block-columns is-layout-flex wp-container-core-columns-is-layout-3 wp-block-columns-is-layout-flex\">\n<div class=\"wp-block-column is-layout-flow wp-block-column-is-layout-flow\">\n<figure class=\"wp-block-image size-large is-resized\"><img loading=\"lazy\" decoding=\"async\" src=\"https:\/\/www.vladimircizek.com\/wp-content\/uploads\/2021\/03\/betlem-Small.jpg\" alt=\"\" class=\"wp-image-682\" width=\"210\" height=\"255\" srcset=\"https:\/\/www.vladimircizek.com\/wp-content\/uploads\/2021\/03\/betlem-Small.jpg 396w, https:\/\/www.vladimircizek.com\/wp-content\/uploads\/2021\/03\/betlem-Small-248x300.jpg 248w\" sizes=\"(max-width: 210px) 100vw, 210px\" \/><figcaption>Betl\u00e9m<\/figcaption><\/figure>\n<\/div>\n\n\n\n<div class=\"wp-block-column is-layout-flow wp-block-column-is-layout-flow\">\n<figure class=\"wp-block-image size-large is-resized\"><img loading=\"lazy\" decoding=\"async\" src=\"https:\/\/www.vladimircizek.com\/wp-content\/uploads\/2021\/03\/Carmen-mala-657x1024.jpg\" alt=\"\" class=\"wp-image-683\" width=\"199\" height=\"310\" srcset=\"https:\/\/www.vladimircizek.com\/wp-content\/uploads\/2021\/03\/Carmen-mala-657x1024.jpg 657w, https:\/\/www.vladimircizek.com\/wp-content\/uploads\/2021\/03\/Carmen-mala-192x300.jpg 192w, https:\/\/www.vladimircizek.com\/wp-content\/uploads\/2021\/03\/Carmen-mala-768x1198.jpg 768w, https:\/\/www.vladimircizek.com\/wp-content\/uploads\/2021\/03\/Carmen-mala-985x1536.jpg 985w, https:\/\/www.vladimircizek.com\/wp-content\/uploads\/2021\/03\/Carmen-mala-1313x2048.jpg 1313w, https:\/\/www.vladimircizek.com\/wp-content\/uploads\/2021\/03\/Carmen-mala.jpg 1348w\" sizes=\"(max-width: 199px) 100vw, 199px\" \/><figcaption>Carmen<\/figcaption><\/figure>\n<\/div>\n\n\n\n<div class=\"wp-block-column is-layout-flow wp-block-column-is-layout-flow\">\n<figure class=\"wp-block-image size-large is-resized\"><img loading=\"lazy\" decoding=\"async\" src=\"https:\/\/www.vladimircizek.com\/wp-content\/uploads\/2021\/03\/Jaro-1976-1-335x1024.jpg\" alt=\"\" class=\"wp-image-697\" width=\"152\" height=\"464\" srcset=\"https:\/\/www.vladimircizek.com\/wp-content\/uploads\/2021\/03\/Jaro-1976-1-335x1024.jpg 335w, https:\/\/www.vladimircizek.com\/wp-content\/uploads\/2021\/03\/Jaro-1976-1-98x300.jpg 98w, https:\/\/www.vladimircizek.com\/wp-content\/uploads\/2021\/03\/Jaro-1976-1-502x1536.jpg 502w, https:\/\/www.vladimircizek.com\/wp-content\/uploads\/2021\/03\/Jaro-1976-1-670x2048.jpg 670w, https:\/\/www.vladimircizek.com\/wp-content\/uploads\/2021\/03\/Jaro-1976-1.jpg 673w\" sizes=\"(max-width: 152px) 100vw, 152px\" \/><figcaption>DCF 1.0<\/figcaption><\/figure>\n<\/div>\n<\/div>\n\n\n\n<div class=\"wp-block-columns is-layout-flex wp-container-core-columns-is-layout-4 wp-block-columns-is-layout-flex\">\n<div class=\"wp-block-column is-layout-flow wp-block-column-is-layout-flow\">\n<figure class=\"wp-block-image size-large is-resized\"><img loading=\"lazy\" decoding=\"async\" src=\"https:\/\/www.vladimircizek.com\/wp-content\/uploads\/2021\/03\/IMG_20191207_112209_resized_20191216_083508019-1024x768.jpg\" alt=\"\" class=\"wp-image-690\" width=\"216\" height=\"162\" srcset=\"https:\/\/www.vladimircizek.com\/wp-content\/uploads\/2021\/03\/IMG_20191207_112209_resized_20191216_083508019-1024x768.jpg 1024w, https:\/\/www.vladimircizek.com\/wp-content\/uploads\/2021\/03\/IMG_20191207_112209_resized_20191216_083508019-300x225.jpg 300w, https:\/\/www.vladimircizek.com\/wp-content\/uploads\/2021\/03\/IMG_20191207_112209_resized_20191216_083508019-768x576.jpg 768w, https:\/\/www.vladimircizek.com\/wp-content\/uploads\/2021\/03\/IMG_20191207_112209_resized_20191216_083508019-1536x1152.jpg 1536w, https:\/\/www.vladimircizek.com\/wp-content\/uploads\/2021\/03\/IMG_20191207_112209_resized_20191216_083508019-2048x1536.jpg 2048w\" sizes=\"(max-width: 216px) 100vw, 216px\" \/><figcaption>Klauni<\/figcaption><\/figure>\n<\/div>\n\n\n\n<div class=\"wp-block-column is-layout-flow wp-block-column-is-layout-flow\">\n<figure class=\"wp-block-image size-large is-resized\"><img loading=\"lazy\" decoding=\"async\" src=\"https:\/\/www.vladimircizek.com\/wp-content\/uploads\/2021\/03\/Jaro-3-kvety-356x1024.jpg\" alt=\"\" class=\"wp-image-693\" width=\"154\" height=\"439\"\/><figcaption>Kv\u011bty<\/figcaption><\/figure>\n<\/div>\n\n\n\n<div class=\"wp-block-column is-layout-flow wp-block-column-is-layout-flow\">\n<figure class=\"wp-block-image size-large is-resized\"><img loading=\"lazy\" decoding=\"async\" src=\"https:\/\/www.vladimircizek.com\/wp-content\/uploads\/2021\/03\/Kytice-768x1024.jpg\" alt=\"\" class=\"wp-image-694\" width=\"217\" height=\"289\" srcset=\"https:\/\/www.vladimircizek.com\/wp-content\/uploads\/2021\/03\/Kytice-768x1024.jpg 768w, https:\/\/www.vladimircizek.com\/wp-content\/uploads\/2021\/03\/Kytice-225x300.jpg 225w, https:\/\/www.vladimircizek.com\/wp-content\/uploads\/2021\/03\/Kytice-1152x1536.jpg 1152w, https:\/\/www.vladimircizek.com\/wp-content\/uploads\/2021\/03\/Kytice-1536x2048.jpg 1536w, https:\/\/www.vladimircizek.com\/wp-content\/uploads\/2021\/03\/Kytice.jpg 1704w\" sizes=\"(max-width: 217px) 100vw, 217px\" \/><figcaption>Kytice<\/figcaption><\/figure>\n<\/div>\n<\/div>\n\n\n\n<div class=\"wp-block-columns is-layout-flex wp-container-core-columns-is-layout-5 wp-block-columns-is-layout-flex\">\n<div class=\"wp-block-column is-layout-flow wp-block-column-is-layout-flow\">\n<figure class=\"wp-block-image size-large is-resized\"><img loading=\"lazy\" decoding=\"async\" src=\"https:\/\/www.vladimircizek.com\/wp-content\/uploads\/2021\/03\/Vertumnus-Medium.jpg\" alt=\"\" class=\"wp-image-708\" width=\"198\" height=\"264\" srcset=\"https:\/\/www.vladimircizek.com\/wp-content\/uploads\/2021\/03\/Vertumnus-Medium.jpg 450w, https:\/\/www.vladimircizek.com\/wp-content\/uploads\/2021\/03\/Vertumnus-Medium-225x300.jpg 225w\" sizes=\"(max-width: 198px) 100vw, 198px\" \/><figcaption>Vertumnus, portr\u00e9t Rudolfa II. dle G. Arcimbolda<\/figcaption><\/figure>\n<\/div>\n<\/div>\n","protected":false},"excerpt":{"rendered":"","protected":false},"author":2,"featured_media":0,"parent":0,"menu_order":0,"comment_status":"closed","ping_status":"closed","template":"","meta":{"footnotes":""},"_links":{"self":[{"href":"https:\/\/www.vladimircizek.com\/index.php\/wp-json\/wp\/v2\/pages\/671"}],"collection":[{"href":"https:\/\/www.vladimircizek.com\/index.php\/wp-json\/wp\/v2\/pages"}],"about":[{"href":"https:\/\/www.vladimircizek.com\/index.php\/wp-json\/wp\/v2\/types\/page"}],"author":[{"embeddable":true,"href":"https:\/\/www.vladimircizek.com\/index.php\/wp-json\/wp\/v2\/users\/2"}],"replies":[{"embeddable":true,"href":"https:\/\/www.vladimircizek.com\/index.php\/wp-json\/wp\/v2\/comments?post=671"}],"version-history":[{"count":9,"href":"https:\/\/www.vladimircizek.com\/index.php\/wp-json\/wp\/v2\/pages\/671\/revisions"}],"predecessor-version":[{"id":1075,"href":"https:\/\/www.vladimircizek.com\/index.php\/wp-json\/wp\/v2\/pages\/671\/revisions\/1075"}],"wp:attachment":[{"href":"https:\/\/www.vladimircizek.com\/index.php\/wp-json\/wp\/v2\/media?parent=671"}],"curies":[{"name":"wp","href":"https:\/\/api.w.org\/{rel}","templated":true}]}}