{"id":198,"date":"2021-02-21T16:15:17","date_gmt":"2021-02-21T16:15:17","guid":{"rendered":"http:\/\/www.vladimircizek.com\/?page_id=198"},"modified":"2021-02-21T19:30:58","modified_gmt":"2021-02-21T19:30:58","slug":"realizace","status":"publish","type":"page","link":"https:\/\/www.vladimircizek.com\/index.php\/realizace\/","title":{"rendered":"Realizace"},"content":{"rendered":"\n<p>JAK ROSTE TRPASL\u00cdK<\/p>\n\n\n\n<div class=\"wp-block-image\"><figure class=\"alignright size-large is-resized\"><img loading=\"lazy\" decoding=\"async\" src=\"https:\/\/www.vladimircizek.com\/wp-content\/uploads\/2021\/02\/trpaslik-1024x682.jpg\" alt=\"\" class=\"wp-image-199\" width=\"303\" height=\"201\" srcset=\"https:\/\/www.vladimircizek.com\/wp-content\/uploads\/2021\/02\/trpaslik-1024x682.jpg 1024w, https:\/\/www.vladimircizek.com\/wp-content\/uploads\/2021\/02\/trpaslik-300x200.jpg 300w, https:\/\/www.vladimircizek.com\/wp-content\/uploads\/2021\/02\/trpaslik-768x512.jpg 768w, https:\/\/www.vladimircizek.com\/wp-content\/uploads\/2021\/02\/trpaslik.jpg 1280w\" sizes=\"(max-width: 303px) 100vw, 303px\" \/><\/figure><\/div>\n\n\n\n<p>  Tv\u00e1rnice z\u00a0p\u00f3robetonu jako nap\u0159\u00edklad YTONG jsou nejen dobr\u00fdm stavebn\u00edm matri\u00e1lem, ale lze je pou\u017e\u00edt i pro socha\u0159sk\u00e9 \u00fa\u010dely. Men\u0161\u00ed plastiky lze vy\u0159ezat z\u00a0jedn\u00e9 tv\u00e1rnice, pro rozm\u011brn\u011bj\u0161\u00ed d\u00edlo je t\u0159eba si slepit blok z\u00a0v\u00edce kus\u016f. Lepen\u00ed se prov\u00e1d\u00ed speci\u00e1ln\u00edm lepidlem na p\u00f3robeton. S\u00a0t\u00edmto lepidlem je mo\u017eno posl\u00e9ze i upravit a zpevnit povrch. V\u00a0tenk\u00e9 vrstv\u011b lepidlo schne velmi rychle, b\u011bhem n\u011bkolika hodin. V\u00a0siln\u00e9 vrstv\u011b nad 5 mm schne zase velmi dlouho a\u017e n\u011bkolik dn\u00ed.<\/p>\n\n\n\n<p>&nbsp; Pro vlastn\u00ed tvarov\u00e1n\u00ed je nejvhodn\u011bj\u0161\u00ed star\u00e1 pila ocaska. V&nbsp;prodeji jsou speci\u00e1ln\u00ed pily na p\u00f3robeton, ty dra\u017e\u0161\u00ed maj\u00ed nava\u0159en\u00e9 hroty, kter\u00e9 se hned tak neztup\u00ed a jsou vhodn\u011bj\u0161\u00ed.&nbsp; Zuby oby\u010dejn\u00fdch pil se otup\u00ed pom\u011brn\u011b rychle a je nutno po\u010d\u00edtat s&nbsp;t\u00edm, \u017ee pilu brzy zni\u010d\u00edte tak, \u017ee pro \u0159ez\u00e1n\u00ed d\u0159eva ji\u017e nebude pou\u017eiteln\u00e1. Rychle se otup\u00ed i dal\u0161\u00ed n\u00e1stroje k&nbsp;tvarov\u00e1n\u00ed jako jsou ploch\u00e9, p\u016flkulat\u00e9 a kulat\u00e9 ra\u0161ple eventu\u00e1ln\u011b hrub\u00e9 piln\u00edky. S&nbsp;velkou opatrnost\u00ed je mo\u017eno nap\u0159. na vydut\u00e9 plochy pou\u017e\u00edt i kamenick\u00e1 dl\u00e1ta, nejl\u00e9pe zubat\u00e1. Je zde v\u0161ak velk\u00e9 nebezpe\u010d\u00ed, \u017ee odseknete i necht\u011bnou \u010d\u00e1st. Kone\u010dn\u00e9 vytvarov\u00e1n\u00ed a vyhlazen\u00ed povrchu se pak prov\u00e1d\u00ed hrub\u00fdm smirkov\u00fdm pap\u00edrem.<\/p>\n\n\n\n<p>&nbsp; Pou\u017e\u00edv\u00e1n\u00ed elektrick\u00fdch n\u00e1stroj\u016f jako nap\u0159\u00edklad r\u016fzn\u00fdch brusn\u00fdch kotou\u010d\u016f na vrta\u010dce se mi neosv\u011bd\u010dilo. Odeb\u00edraj\u00ed materi\u00e1l p\u0159\u00edli\u0161 rychle a velice snadno s&nbsp;nimi zajedete tam, kam nechcete.<\/p>\n\n\n\n<p>&nbsp; Kone\u010dn\u00e1 \u00faprava povrchu je mo\u017en\u00e1 v\u00edce zp\u016fsoby. Chceme-li m\u00edt povrch hrub\u00fd s&nbsp;p\u00f3ry a trochu imituj\u00edc\u00ed k\u00e1men, tak povrch nat\u0159eme univerz\u00e1ln\u00ed barvou na zdivo, nap\u0159. fas\u00e1dn\u00ed barvou. Nejl\u00e9pe se mi osv\u011bd\u010dila b\u00edl\u00e1 barva. P\u0159ed nanesen\u00edm barvy aplikujeme b\u011b\u017en\u00fd penetra\u010dn\u00ed n\u00e1t\u011br na zmen\u0161en\u00ed nas\u00e1klivosti. Chceme-li m\u00edt povrch hladk\u00fd, naneseme na n\u011bj st\u011brkou tenkou vrstvu lepidla na p\u00f3robeton. Povrch pak uhlazujeme \u0161t\u011btcem namo\u010den\u00fdm v&nbsp;penetra\u010dn\u00edm roztoku. Lepidlem lze zalepit i r\u016fzn\u00e1 drobn\u00e1 m\u00edsta, kde n\u00e1m chyb\u00ed materi\u00e1l. Domodelov\u00e1vat jemn\u00e9 tvary v\u0161ak jde s&nbsp;lepidlem jen velmi omezen\u011b. Pokud se n\u011bkde objev\u00ed pot\u0159eba p\u0159idat materi\u00e1l, je vhodn\u011bj\u0161\u00ed si vyrobit \u201ez\u00e1platu\u201c z&nbsp;kousku p\u00f3robetonu a p\u0159ilepit ji. Po zaschnut\u00ed pak vytvarovat dle pot\u0159eby. Lepidlo lep\u00ed velmi dob\u0159e. Bez fixace lze p\u0159ilepit mal\u00e9 kousky i na svisl\u00e9 plo\u0161e. Po dokonal\u00e9m zaschnut\u00ed je povrch tvrd\u00fd t\u00e9m\u011b\u0159 jako beton a d\u00e1le se tvaruje ji\u017e obt\u00ed\u017en\u011b.<\/p>\n\n\n\n<p>P\u00f3robeton je k\u0159ehk\u00fd materi\u00e1l, mal\u00e9 vy\u010dn\u00edvaj\u00edc\u00ed \u010d\u00e1sti se snadno odlom\u00ed. Nehod\u00ed se proto pro slo\u017eit\u00e9 a \u010dlenit\u00e9 tvary. Ulomen\u00fd kousek lze snadno op\u011bt p\u0159ilepit. \u010c\u00e1ste\u010dn\u011b lze vy\u010dn\u00edvaj\u00edc\u00ed \u010d\u00e1sti zpevnit zapu\u0161t\u011bn\u00fdmi dlouh\u00fdmi vruty.<\/p>\n\n\n\n<p>&nbsp;Stoj\u00ed zakotven pevn\u011b do zem\u011b jako pouta\u010d p\u0159ed prodejnou D\u011bdka ko\u0159en\u00e1\u0159e v&nbsp;Ro\u017ekov\u011b ulici \u010dp. 1848 v&nbsp;Pardubic\u00edch.<\/p>\n\n\n\n<div class=\"wp-block-image\"><figure class=\"alignright is-resized\"><img loading=\"lazy\" decoding=\"async\" src=\"http:\/\/cdn.simplesite.com\/i\/4e\/7d\/285134157241613646\/i285134164469069391._szw480h1280_.jpg\" alt=\"\" width=\"235\" height=\"313\"\/><\/figure><\/div>\n\n\n\n<p>Sochu jsem vyvo\u0159il&nbsp; v&nbsp;l\u00e9t\u011b r. 2013. Podle p\u0159\u00e1n\u00ed zadavatele d\u00edla MUDr. Miroslava Havrdy pou\u017eil stoj\u00edc\u00ed kmen jasanu, ze kter\u00e9ho byly u\u0159ez\u00e1ny v\u011btve. D\u0159evo tedy bylo je\u0161t\u011b \u017eiv\u00e9 jen z&nbsp;mal\u00e9 \u010d\u00e1sti za\u010d\u00ednalo hn\u00edt. Design musel b\u00fdt p\u0159izp\u016fsoben zdrav\u00fdm \u010d\u00e1stem kmene. Jeho doln\u00ed pr\u016fm\u011br je kolem 65 cm a v\u00fd\u0161ka 240 cm.<\/p>\n\n\n\n<p>Socha stoj\u00ed v&nbsp;zahrad\u011b chaty MUDr. Havrdy v&nbsp;obci Mlad\u00e9 Buky v&nbsp;Podkrkono\u0161\u00ed.<\/p>\n\n\n\n<p>&nbsp;Skulptura byla inspirov\u00e1na kresbou \u201eKolos\u00e1ln\u00ed Tiki v&nbsp;Raroera Pah\u201c (oblast Waikato) od George French \u00c1ngase z&nbsp;r. 1844. Dnes je kresba uchov\u00e1v\u00e1na v&nbsp;Alexander Turnbull Library ve Wellingtonu.<\/p>\n\n\n\n<p>&nbsp;Takov\u00e9to sloupy stav\u011bli Mao\u0159i ve sv\u00fdch vesnic\u00edch. Ne\u0161lo o modly, ale p\u0159ipom\u00ednku legend\u00e1rn\u00edch p\u0159edk\u016f kmene uct\u00edvan\u00fdch jako ochr\u00e1nci. Spodn\u00ed reli\u00e9f zobrazuje nezbedn\u00e9ho poloboha Maui, zn\u00e1m\u00e9ho nejen mezi Maory, ale v&nbsp;cel\u00e9 Polyn\u00e9sii. V&nbsp;ruce dr\u017e\u00ed kyj, maorsky zvan\u00fd mere, kter\u00fd Mao\u0159i vy\u0159ez\u00e1vali z&nbsp;m\u00edstn\u00edho velmi tvrd\u00e9ho kamene jadeitu a pou\u017e\u00edvali jako ob\u00e1vanou zbra\u0148 v&nbsp;boji a p\u0159i ceremoni\u00e1ln\u00edch p\u0159\u00edle\u017eitostech. O\u010d\u00ed m\u00e1 podle tradice z&nbsp;mu\u0161le \u00fa\u0161e\u0148 (paua), kter\u00e1 se b\u011b\u017en\u00e9 nach\u00e1z\u00ed v&nbsp;mo\u0159\u00edch kolem Nov\u00e9ho Z\u00e9landu.<\/p>\n\n\n\n<p>&nbsp;Horn\u00ed figura p\u0159edstavuje nejzn\u00e1m\u011bj\u0161\u00ed symbolickou postavu \u0159ezb\u00e1\u0159sk\u00fdch d\u011bl na Nov\u00e9m Z\u00e9landu i v&nbsp;cel\u00e9m Pacifiku Tiki. Podle legendy b\u016fh Tane tak pojmenoval prvn\u00edho mu\u017ee, kter\u00e9ho stvo\u0159il. Jde o groteskn\u00ed figuru lidsk\u00e9 podoby s&nbsp;dispropor\u010dn\u011b velkou hlavou, otev\u0159en\u00fdmi \u00fasty s&nbsp;vyplazen\u00fdm jazykem, t\u011blo je zkr\u00e1ceno, ruce i nohy skr\u010deny.&nbsp; Vyplazen\u00fd jazyk je gesto, kter\u00fdm si maor\u0161t\u00ed bojovn\u00edci sou\u010dasn\u011b s&nbsp;v\u00fdk\u0159ikem dod\u00e1vali odvahy p\u0159ed bojem a sna\u017eili se zastra\u0161it nep\u0159\u00edtele. Ruce podle tradice maj\u00ed jen t\u0159i prsty. Spir\u00e1ly v&nbsp;m\u00edstech kloub\u016f nazna\u010duj\u00ed pohyblivost kon\u010detin. \u010casto se vyskytuj\u00edc\u00ed spir\u00e1la (koru) v&nbsp;nejr\u016fzn\u011bj\u0161\u00edch variant\u00e1ch je obl\u00edben\u00fd dekorativn\u00ed prvek odvozen\u00fd pravd\u011bpodobn\u011b z&nbsp;rozv\u00edjej\u00edc\u00ed se v\u011btvi\u010dky kapradiny.<\/p>\n\n\n\n<figure class=\"wp-block-image is-resized\"><img loading=\"lazy\" decoding=\"async\" src=\"http:\/\/cdn.simplesite.com\/i\/4e\/7d\/285134157241613646\/i285134164469069657._szw1280h1280_.jpg\" alt=\"\" width=\"320\" height=\"239\"\/><\/figure>\n\n\n\n<p>Obraz ve stylu aboriginal art pro hotel Prad\u011bd ve Zlat\u00fdch Hor\u00e1ch<\/p>\n","protected":false},"excerpt":{"rendered":"<p>JAK ROSTE TRPASL\u00cdK Tv\u00e1rnice z\u00a0p\u00f3robetonu jako nap\u0159\u00edklad YTONG jsou nejen dobr\u00fdm stavebn\u00edm matri\u00e1lem, ale lze je pou\u017e\u00edt i pro socha\u0159sk\u00e9 \u00fa\u010dely. Men\u0161\u00ed plastiky lze vy\u0159ezat z\u00a0jedn\u00e9 tv\u00e1rnice, pro rozm\u011brn\u011bj\u0161\u00ed d\u00edlo je t\u0159eba si slepit blok z\u00a0v\u00edce kus\u016f. Lepen\u00ed se prov\u00e1d\u00ed speci\u00e1ln\u00edm lepidlem na p\u00f3robeton. S\u00a0t\u00edmto lepidlem je mo\u017eno posl\u00e9ze i upravit a zpevnit povrch. V\u00a0tenk\u00e9 &hellip; <\/p>\n<p class=\"link-more\"><a href=\"https:\/\/www.vladimircizek.com\/index.php\/realizace\/\" class=\"more-link\">Pokra\u010dovat ve \u010dten\u00ed<span class=\"screen-reader-text\"> &#8222;Realizace&#8220;<\/span><\/a><\/p>\n","protected":false},"author":1,"featured_media":0,"parent":0,"menu_order":0,"comment_status":"closed","ping_status":"closed","template":"","meta":{"footnotes":""},"_links":{"self":[{"href":"https:\/\/www.vladimircizek.com\/index.php\/wp-json\/wp\/v2\/pages\/198"}],"collection":[{"href":"https:\/\/www.vladimircizek.com\/index.php\/wp-json\/wp\/v2\/pages"}],"about":[{"href":"https:\/\/www.vladimircizek.com\/index.php\/wp-json\/wp\/v2\/types\/page"}],"author":[{"embeddable":true,"href":"https:\/\/www.vladimircizek.com\/index.php\/wp-json\/wp\/v2\/users\/1"}],"replies":[{"embeddable":true,"href":"https:\/\/www.vladimircizek.com\/index.php\/wp-json\/wp\/v2\/comments?post=198"}],"version-history":[{"count":2,"href":"https:\/\/www.vladimircizek.com\/index.php\/wp-json\/wp\/v2\/pages\/198\/revisions"}],"predecessor-version":[{"id":301,"href":"https:\/\/www.vladimircizek.com\/index.php\/wp-json\/wp\/v2\/pages\/198\/revisions\/301"}],"wp:attachment":[{"href":"https:\/\/www.vladimircizek.com\/index.php\/wp-json\/wp\/v2\/media?parent=198"}],"curies":[{"name":"wp","href":"https:\/\/api.w.org\/{rel}","templated":true}]}}