{"id":179,"date":"2021-02-21T15:55:29","date_gmt":"2021-02-21T15:55:29","guid":{"rendered":"http:\/\/www.vladimircizek.com\/?page_id=179"},"modified":"2022-05-20T18:07:08","modified_gmt":"2022-05-20T17:07:08","slug":"workshop-vyroba-kostete","status":"publish","type":"page","link":"https:\/\/www.vladimircizek.com\/index.php\/workshop-vyroba-kostete\/","title":{"rendered":"Workshop V\u00fdroba ko\u0161t\u011bte"},"content":{"rendered":"\n<p>Nab\u00edz\u00edm p\u016fldenn\u00ed workshop v\u00fdroby ko\u0161t\u011bte. Dod\u00e1m b\u0159ezov\u00e9 v\u011btvi\u010dky i neopracovanou n\u00e1sadu pro vlastn\u00ed v\u00fdrobu kruhov\u00e9ho ko\u0161t\u011bte. V\u00fdhoda tohoto postupu je v tom, \u017ee do ko\u0161t\u011bte vkl\u00e1d\u00e1te svou vlastn\u00ed energii. P\u0159i v\u00e1z\u00e1n\u00ed ko\u0161t\u011bte m\u016f\u017eete vizualizovat sv\u016fj \u00famysl. M\u016f\u017eete si vyrobit praktick\u00e9 ko\u0161t\u011b pro fyzick\u00e9 pou\u017eit\u00ed, tedy pro b\u011b\u017en\u00e9 zamet\u00e1n\u00ed. Nebo to m\u016f\u017ee b\u00fdt ko\u0161t\u011b jen pro ritu\u00e1ln\u00ed pou\u017eit\u00ed. Taky ko\u0161t\u011b lze pojmout jako dekoraci k pov\u011b\u0161en\u00ed na st\u011bnu.<\/p>\n\n\n\n<p>&nbsp;Pro v\u00fdrobu lze pou\u017e\u00edt i jin\u00e9 rostliny ne\u017e b\u0159ezov\u00e9 v\u011btvi\u010dky nap\u0159. pelyn\u011bk nebo janovec. N\u00e1sada se tradi\u010dn\u011b vyr\u00e1b\u00ed z jasanu, dubu nebo l\u00edsky.&nbsp;&nbsp;<\/p>\n\n\n\n<p> Ko\u0161t\u011b m\u016f\u017eete d\u00e1le zdobit \u0159ezbou, kresbou, p\u0159id\u00e1n\u00edm ozdob jako jsou p\u00edrka, krystaly, mince, kor\u00e1le nebo kosti.<\/p>\n\n\n\n<div class=\"wp-block-columns is-layout-flex wp-container-core-columns-is-layout-1 wp-block-columns-is-layout-flex\">\n<div class=\"wp-block-column is-layout-flow wp-block-column-is-layout-flow\">\n<figure class=\"wp-block-image size-large\"><img loading=\"lazy\" decoding=\"async\" width=\"1024\" height=\"953\" src=\"http:\/\/www.vladimircizek.com\/wp-content\/uploads\/2021\/02\/IMG_20201221_152246-1-1-1024x953.jpg\" alt=\"\" class=\"wp-image-180\" srcset=\"https:\/\/www.vladimircizek.com\/wp-content\/uploads\/2021\/02\/IMG_20201221_152246-1-1-1024x953.jpg 1024w, https:\/\/www.vladimircizek.com\/wp-content\/uploads\/2021\/02\/IMG_20201221_152246-1-1-300x279.jpg 300w, https:\/\/www.vladimircizek.com\/wp-content\/uploads\/2021\/02\/IMG_20201221_152246-1-1-768x715.jpg 768w, https:\/\/www.vladimircizek.com\/wp-content\/uploads\/2021\/02\/IMG_20201221_152246-1-1.jpg 1280w\" sizes=\"(max-width: 767px) 89vw, (max-width: 1000px) 54vw, (max-width: 1071px) 543px, 580px\" \/><\/figure>\n<\/div>\n\n\n\n<div class=\"wp-block-column is-layout-flow wp-block-column-is-layout-flow\">\n<figure class=\"wp-block-image size-large is-resized\"><img loading=\"lazy\" decoding=\"async\" src=\"http:\/\/www.vladimircizek.com\/wp-content\/uploads\/2021\/02\/CISLO-1-6-843x1024.jpg\" alt=\"\" class=\"wp-image-133\" width=\"157\" height=\"190\" srcset=\"https:\/\/www.vladimircizek.com\/wp-content\/uploads\/2021\/02\/CISLO-1-6-843x1024.jpg 843w, https:\/\/www.vladimircizek.com\/wp-content\/uploads\/2021\/02\/CISLO-1-6-247x300.jpg 247w, https:\/\/www.vladimircizek.com\/wp-content\/uploads\/2021\/02\/CISLO-1-6-768x933.jpg 768w, https:\/\/www.vladimircizek.com\/wp-content\/uploads\/2021\/02\/CISLO-1-6-1264x1536.jpg 1264w, https:\/\/www.vladimircizek.com\/wp-content\/uploads\/2021\/02\/CISLO-1-6-1685x2048.jpg 1685w\" sizes=\"(max-width: 157px) 100vw, 157px\" \/><\/figure>\n<\/div>\n\n\n\n<div class=\"wp-block-column is-layout-flow wp-block-column-is-layout-flow\">\n<figure class=\"wp-block-image size-large is-resized\"><img loading=\"lazy\" decoding=\"async\" src=\"http:\/\/www.vladimircizek.com\/wp-content\/uploads\/2021\/02\/Bze_textu_ZK_orez-1024x768.jpg\" alt=\"\" class=\"wp-image-181\" width=\"258\" height=\"193\" srcset=\"https:\/\/www.vladimircizek.com\/wp-content\/uploads\/2021\/02\/Bze_textu_ZK_orez-1024x768.jpg 1024w, https:\/\/www.vladimircizek.com\/wp-content\/uploads\/2021\/02\/Bze_textu_ZK_orez-300x225.jpg 300w, https:\/\/www.vladimircizek.com\/wp-content\/uploads\/2021\/02\/Bze_textu_ZK_orez-768x576.jpg 768w, https:\/\/www.vladimircizek.com\/wp-content\/uploads\/2021\/02\/Bze_textu_ZK_orez-1536x1152.jpg 1536w, https:\/\/www.vladimircizek.com\/wp-content\/uploads\/2021\/02\/Bze_textu_ZK_orez-2048x1536.jpg 2048w\" sizes=\"(max-width: 258px) 100vw, 258px\" \/><\/figure>\n<\/div>\n<\/div>\n\n\n\n<div class=\"wp-block-columns is-layout-flex wp-container-core-columns-is-layout-2 wp-block-columns-is-layout-flex\">\n<div class=\"wp-block-column is-layout-flow wp-block-column-is-layout-flow\" style=\"flex-basis:66.67%\"><\/div>\n\n\n\n<div class=\"wp-block-column is-layout-flow wp-block-column-is-layout-flow\" style=\"flex-basis:33.33%\"><\/div>\n\n\n\n<div class=\"wp-block-column is-layout-flow wp-block-column-is-layout-flow\" style=\"flex-basis:33.33%\"><\/div>\n<\/div>\n\n\n\n<p><strong>Workshop v centru Knofl\u00edk, Jabloneck\u00e1 724, Praha 9, Prosek  dle domluvy<\/strong><\/p>\n","protected":false},"excerpt":{"rendered":"<p>Nab\u00edz\u00edm p\u016fldenn\u00ed workshop v\u00fdroby ko\u0161t\u011bte. Dod\u00e1m b\u0159ezov\u00e9 v\u011btvi\u010dky i neopracovanou n\u00e1sadu pro vlastn\u00ed v\u00fdrobu kruhov\u00e9ho ko\u0161t\u011bte. V\u00fdhoda tohoto postupu je v tom, \u017ee do ko\u0161t\u011bte vkl\u00e1d\u00e1te svou vlastn\u00ed energii. P\u0159i v\u00e1z\u00e1n\u00ed ko\u0161t\u011bte m\u016f\u017eete vizualizovat sv\u016fj \u00famysl. M\u016f\u017eete si vyrobit praktick\u00e9 ko\u0161t\u011b pro fyzick\u00e9 pou\u017eit\u00ed, tedy pro b\u011b\u017en\u00e9 zamet\u00e1n\u00ed. Nebo to m\u016f\u017ee b\u00fdt ko\u0161t\u011b jen pro &hellip; <\/p>\n<p class=\"link-more\"><a href=\"https:\/\/www.vladimircizek.com\/index.php\/workshop-vyroba-kostete\/\" class=\"more-link\">Pokra\u010dovat ve \u010dten\u00ed<span class=\"screen-reader-text\"> &#8222;Workshop V\u00fdroba ko\u0161t\u011bte&#8220;<\/span><\/a><\/p>\n","protected":false},"author":1,"featured_media":181,"parent":0,"menu_order":0,"comment_status":"closed","ping_status":"closed","template":"","meta":{"footnotes":""},"_links":{"self":[{"href":"https:\/\/www.vladimircizek.com\/index.php\/wp-json\/wp\/v2\/pages\/179"}],"collection":[{"href":"https:\/\/www.vladimircizek.com\/index.php\/wp-json\/wp\/v2\/pages"}],"about":[{"href":"https:\/\/www.vladimircizek.com\/index.php\/wp-json\/wp\/v2\/types\/page"}],"author":[{"embeddable":true,"href":"https:\/\/www.vladimircizek.com\/index.php\/wp-json\/wp\/v2\/users\/1"}],"replies":[{"embeddable":true,"href":"https:\/\/www.vladimircizek.com\/index.php\/wp-json\/wp\/v2\/comments?post=179"}],"version-history":[{"count":6,"href":"https:\/\/www.vladimircizek.com\/index.php\/wp-json\/wp\/v2\/pages\/179\/revisions"}],"predecessor-version":[{"id":1080,"href":"https:\/\/www.vladimircizek.com\/index.php\/wp-json\/wp\/v2\/pages\/179\/revisions\/1080"}],"wp:featuredmedia":[{"embeddable":true,"href":"https:\/\/www.vladimircizek.com\/index.php\/wp-json\/wp\/v2\/media\/181"}],"wp:attachment":[{"href":"https:\/\/www.vladimircizek.com\/index.php\/wp-json\/wp\/v2\/media?parent=179"}],"curies":[{"name":"wp","href":"https:\/\/api.w.org\/{rel}","templated":true}]}}