{"id":141,"date":"2021-02-20T22:27:55","date_gmt":"2021-02-20T22:27:55","guid":{"rendered":"http:\/\/www.vladimircizek.com\/?page_id=141"},"modified":"2025-12-29T17:09:15","modified_gmt":"2025-12-29T16:09:15","slug":"nabidka","status":"publish","type":"page","link":"https:\/\/www.vladimircizek.com\/index.php\/nabidka\/","title":{"rendered":"Nab\u00eddka"},"content":{"rendered":"\n<p><a href=\"https:\/\/www.vladimircizek.com\/index.php\/nabidka-amuletu-a-privesku\/\">Nab\u00eddka amulet\u016f a p\u0159\u00edv\u011bsk\u016f \u2013 Vladim\u00edr \u010c\u00ed\u017eek (vladimircizek.com)<\/a> uveden\u00e9 ceny jsou uv\u00e1d\u011bny bez po\u0161tovn\u00e9ho, kontakt pro objedn\u00e1n\u00ed mail@vladimircizek.com<\/p>\n\n\n\n<p><a href=\"https:\/\/www.vladimircizek.com\/index.php\/nabidka-kostat\/\">Nab\u00eddka ko\u0161\u0165at \u2013 Vladim\u00edr \u010c\u00ed\u017eek (vladimircizek.com)<\/a> <\/p>\n\n\n\n<p class=\"has-text-align-left\"><a href=\"https:\/\/www.fler.cz\/walter\">Walter | Fler.cz<\/a><\/p>\n\n\n\n<p class=\"has-text-align-left\"><a href=\"https:\/\/www.oftenout.com\/aktivity\/kurz-rezby-z-kosti-nebo-dreva-m9332de8cbkq-2262\" data-type=\"link\" data-id=\"https:\/\/www.oftenout.com\/aktivity\/kurz-rezby-z-kosti-nebo-dreva-m9332de8cbkq-2262\">Nab\u00eddka kurz\u016f \u0159ezby z kosti a d\u0159eva<\/a><\/p>\n\n\n\n<p>KNIHA \u0158EZBA A AMULETY Z KOSTI<\/p>\n\n\n\n<div class=\"wp-block-columns is-layout-flex wp-container-core-columns-is-layout-1 wp-block-columns-is-layout-flex\">\n<div class=\"wp-block-column is-layout-flow wp-block-column-is-layout-flow\">\n<figure class=\"wp-block-image size-large is-resized\"><img loading=\"lazy\" decoding=\"async\" width=\"416\" height=\"449\" src=\"http:\/\/www.vladimircizek.com\/wp-content\/uploads\/2021\/02\/Snimek-obrazovky-2021-02-20-232633.png\" alt=\"\" class=\"wp-image-142\" style=\"width:153px;height:165px\" srcset=\"https:\/\/www.vladimircizek.com\/wp-content\/uploads\/2021\/02\/Snimek-obrazovky-2021-02-20-232633.png 416w, https:\/\/www.vladimircizek.com\/wp-content\/uploads\/2021\/02\/Snimek-obrazovky-2021-02-20-232633-278x300.png 278w\" sizes=\"(max-width: 416px) 100vw, 416px\" \/><\/figure>\n<\/div>\n\n\n\n<div class=\"wp-block-column is-layout-flow wp-block-column-is-layout-flow\">\n<p><em>Kniha \u0158ezba a amulety z kosti Czk 120,- (historie, charakteristika kosti, duchovn\u00ed aspekty \u0159ezby, \u0159ezba z kosti na Nov\u00e9m Z\u00e9landu, motivy z maorijsk\u00e9 mytologie, \u0159ezba z kosti v seversk\u00fdch zem\u00edch, design, scrimshaw, n\u00e1stroje a pom\u016fcky, postu a technologie \u0159ezby)<\/em><\/p>\n<\/div>\n<\/div>\n\n\n\n<div class=\"wp-block-columns is-layout-flex wp-container-core-columns-is-layout-2 wp-block-columns-is-layout-flex\">\n<div class=\"wp-block-column is-layout-flow wp-block-column-is-layout-flow\">\n<figure class=\"wp-block-image size-large is-resized\"><img loading=\"lazy\" decoding=\"async\" width=\"2268\" height=\"2277\" src=\"https:\/\/www.vladimircizek.com\/wp-content\/uploads\/2021\/03\/20210306_103021919_iOS-edited-3.jpg\" alt=\"\" class=\"wp-image-824\" srcset=\"https:\/\/www.vladimircizek.com\/wp-content\/uploads\/2021\/03\/20210306_103021919_iOS-edited-3.jpg 2268w, https:\/\/www.vladimircizek.com\/wp-content\/uploads\/2021\/03\/20210306_103021919_iOS-edited-3-300x300.jpg 300w, https:\/\/www.vladimircizek.com\/wp-content\/uploads\/2021\/03\/20210306_103021919_iOS-edited-3-1020x1024.jpg 1020w, https:\/\/www.vladimircizek.com\/wp-content\/uploads\/2021\/03\/20210306_103021919_iOS-edited-3-150x150.jpg 150w, https:\/\/www.vladimircizek.com\/wp-content\/uploads\/2021\/03\/20210306_103021919_iOS-edited-3-768x771.jpg 768w, https:\/\/www.vladimircizek.com\/wp-content\/uploads\/2021\/03\/20210306_103021919_iOS-edited-3-1530x1536.jpg 1530w, https:\/\/www.vladimircizek.com\/wp-content\/uploads\/2021\/03\/20210306_103021919_iOS-edited-3-2040x2048.jpg 2040w, https:\/\/www.vladimircizek.com\/wp-content\/uploads\/2021\/03\/20210306_103021919_iOS-edited-3-100x100.jpg 100w\" sizes=\"(max-width: 767px) 89vw, (max-width: 1000px) 54vw, (max-width: 1071px) 543px, 580px\" \/><figcaption class=\"wp-element-caption\">Hei Matau, kost, 52mm<\/figcaption><\/figure>\n<\/div>\n\n\n\n<div class=\"wp-block-column is-layout-flow wp-block-column-is-layout-flow\">\n<figure class=\"wp-block-image size-large is-resized\"><img loading=\"lazy\" decoding=\"async\" width=\"2268\" height=\"2269\" src=\"https:\/\/www.vladimircizek.com\/wp-content\/uploads\/2021\/03\/20210306_103619915_iOS-edited-2.jpg\" alt=\"\" class=\"wp-image-825\" srcset=\"https:\/\/www.vladimircizek.com\/wp-content\/uploads\/2021\/03\/20210306_103619915_iOS-edited-2.jpg 2268w, https:\/\/www.vladimircizek.com\/wp-content\/uploads\/2021\/03\/20210306_103619915_iOS-edited-2-300x300.jpg 300w, https:\/\/www.vladimircizek.com\/wp-content\/uploads\/2021\/03\/20210306_103619915_iOS-edited-2-1024x1024.jpg 1024w, https:\/\/www.vladimircizek.com\/wp-content\/uploads\/2021\/03\/20210306_103619915_iOS-edited-2-150x150.jpg 150w, https:\/\/www.vladimircizek.com\/wp-content\/uploads\/2021\/03\/20210306_103619915_iOS-edited-2-768x768.jpg 768w, https:\/\/www.vladimircizek.com\/wp-content\/uploads\/2021\/03\/20210306_103619915_iOS-edited-2-1536x1536.jpg 1536w, https:\/\/www.vladimircizek.com\/wp-content\/uploads\/2021\/03\/20210306_103619915_iOS-edited-2-2048x2048.jpg 2048w, https:\/\/www.vladimircizek.com\/wp-content\/uploads\/2021\/03\/20210306_103619915_iOS-edited-2-100x100.jpg 100w\" sizes=\"(max-width: 767px) 89vw, (max-width: 1000px) 54vw, (max-width: 1071px) 543px, 580px\" \/><figcaption class=\"wp-element-caption\">Hei Matau, kost, 50mm<\/figcaption><\/figure>\n<\/div>\n\n\n\n<div class=\"wp-block-column is-layout-flow wp-block-column-is-layout-flow\">\n<figure class=\"wp-block-image size-large\"><img loading=\"lazy\" decoding=\"async\" width=\"2268\" height=\"2267\" src=\"https:\/\/www.vladimircizek.com\/wp-content\/uploads\/2021\/03\/20210306_102727821_iOS-edited.jpg\" alt=\"\" class=\"wp-image-826\" srcset=\"https:\/\/www.vladimircizek.com\/wp-content\/uploads\/2021\/03\/20210306_102727821_iOS-edited.jpg 2268w, https:\/\/www.vladimircizek.com\/wp-content\/uploads\/2021\/03\/20210306_102727821_iOS-edited-300x300.jpg 300w, https:\/\/www.vladimircizek.com\/wp-content\/uploads\/2021\/03\/20210306_102727821_iOS-edited-1024x1024.jpg 1024w, https:\/\/www.vladimircizek.com\/wp-content\/uploads\/2021\/03\/20210306_102727821_iOS-edited-150x150.jpg 150w, https:\/\/www.vladimircizek.com\/wp-content\/uploads\/2021\/03\/20210306_102727821_iOS-edited-768x768.jpg 768w, https:\/\/www.vladimircizek.com\/wp-content\/uploads\/2021\/03\/20210306_102727821_iOS-edited-1536x1536.jpg 1536w, https:\/\/www.vladimircizek.com\/wp-content\/uploads\/2021\/03\/20210306_102727821_iOS-edited-2048x2048.jpg 2048w, https:\/\/www.vladimircizek.com\/wp-content\/uploads\/2021\/03\/20210306_102727821_iOS-edited-100x100.jpg 100w\" sizes=\"(max-width: 767px) 89vw, (max-width: 1000px) 54vw, (max-width: 1071px) 543px, 580px\" \/><figcaption class=\"wp-element-caption\"><em>Thorovo kladivo, kost, 42 mm<\/em><\/figcaption><\/figure>\n<\/div>\n<\/div>\n\n\n\n<figure class=\"wp-block-image size-large is-resized\"><img loading=\"lazy\" decoding=\"async\" width=\"1024\" height=\"953\" src=\"https:\/\/www.vladimircizek.com\/wp-content\/uploads\/2021\/02\/IMG_20201221_152246-1-1024x953.jpg\" alt=\"\" class=\"wp-image-165\" srcset=\"https:\/\/www.vladimircizek.com\/wp-content\/uploads\/2021\/02\/IMG_20201221_152246-1-1024x953.jpg 1024w, https:\/\/www.vladimircizek.com\/wp-content\/uploads\/2021\/02\/IMG_20201221_152246-1-300x279.jpg 300w, https:\/\/www.vladimircizek.com\/wp-content\/uploads\/2021\/02\/IMG_20201221_152246-1-768x715.jpg 768w, https:\/\/www.vladimircizek.com\/wp-content\/uploads\/2021\/02\/IMG_20201221_152246-1.jpg 1280w\" sizes=\"(max-width: 767px) 89vw, (max-width: 1000px) 54vw, (max-width: 1071px) 543px, 580px\" \/><figcaption class=\"wp-element-caption\">Ritu\u00e1ln\u00ed ko\u0161\u0165ata <\/figcaption><\/figure>\n","protected":false},"excerpt":{"rendered":"<p>Nab\u00eddka amulet\u016f a p\u0159\u00edv\u011bsk\u016f \u2013 Vladim\u00edr \u010c\u00ed\u017eek (vladimircizek.com) uveden\u00e9 ceny jsou uv\u00e1d\u011bny bez po\u0161tovn\u00e9ho, kontakt pro objedn\u00e1n\u00ed mail@vladimircizek.com Nab\u00eddka ko\u0161\u0165at \u2013 Vladim\u00edr \u010c\u00ed\u017eek (vladimircizek.com) Walter | Fler.cz Nab\u00eddka kurz\u016f \u0159ezby z kosti a d\u0159eva KNIHA \u0158EZBA A AMULETY Z KOSTI Kniha \u0158ezba a amulety z kosti Czk 120,- (historie, charakteristika kosti, duchovn\u00ed aspekty \u0159ezby, \u0159ezba &hellip; <\/p>\n<p class=\"link-more\"><a href=\"https:\/\/www.vladimircizek.com\/index.php\/nabidka\/\" class=\"more-link\">Pokra\u010dovat ve \u010dten\u00ed<span class=\"screen-reader-text\"> &#8222;Nab\u00eddka&#8220;<\/span><\/a><\/p>\n","protected":false},"author":1,"featured_media":848,"parent":0,"menu_order":0,"comment_status":"closed","ping_status":"closed","template":"","meta":{"footnotes":""},"_links":{"self":[{"href":"https:\/\/www.vladimircizek.com\/index.php\/wp-json\/wp\/v2\/pages\/141"}],"collection":[{"href":"https:\/\/www.vladimircizek.com\/index.php\/wp-json\/wp\/v2\/pages"}],"about":[{"href":"https:\/\/www.vladimircizek.com\/index.php\/wp-json\/wp\/v2\/types\/page"}],"author":[{"embeddable":true,"href":"https:\/\/www.vladimircizek.com\/index.php\/wp-json\/wp\/v2\/users\/1"}],"replies":[{"embeddable":true,"href":"https:\/\/www.vladimircizek.com\/index.php\/wp-json\/wp\/v2\/comments?post=141"}],"version-history":[{"count":45,"href":"https:\/\/www.vladimircizek.com\/index.php\/wp-json\/wp\/v2\/pages\/141\/revisions"}],"predecessor-version":[{"id":1150,"href":"https:\/\/www.vladimircizek.com\/index.php\/wp-json\/wp\/v2\/pages\/141\/revisions\/1150"}],"wp:featuredmedia":[{"embeddable":true,"href":"https:\/\/www.vladimircizek.com\/index.php\/wp-json\/wp\/v2\/media\/848"}],"wp:attachment":[{"href":"https:\/\/www.vladimircizek.com\/index.php\/wp-json\/wp\/v2\/media?parent=141"}],"curies":[{"name":"wp","href":"https:\/\/api.w.org\/{rel}","templated":true}]}}