{"id":11,"date":"2021-02-20T19:49:16","date_gmt":"2021-02-20T19:49:16","guid":{"rendered":"http:\/\/www.vladimircizek.com\/?page_id=11"},"modified":"2023-08-28T16:57:44","modified_gmt":"2023-08-28T15:57:44","slug":"galerie","status":"publish","type":"page","link":"https:\/\/www.vladimircizek.com\/index.php\/galerie\/","title":{"rendered":"Galerie"},"content":{"rendered":"\n<p>Zde najdete galerii m\u00fdch v\u00fdtvarn\u00fdch d\u011bl<\/p>\n\n\n\n<p><\/p>\n\n\n\n<p>Jako amat\u00e9r jsem se v\u00fdtvarn\u00e9 \u010dinnosti v\u011bnoval od mali\u010dka. Ji\u017e b\u011bhem z\u00e1kladn\u00ed \u0161koly jsem chodil do \u0159ezb\u00e1\u0159sk\u00e9ho krou\u017eku. Potom za\u010dala u mne p\u0159eva\u017eovat malba olejem i k\u0159\u00eddami a ob\u010das jsem se vracel \u0159ezb\u00e1\u0159stv\u00ed. M\u011b jsem obdob\u00ed, kdy mne bavil um\u011bleck\u00fd \u0161perk ze d\u0159eva nebo kaligrafie. V&nbsp;posledn\u00ed dob\u011b se v\u011bnuji hlavn\u011b \u0159ezb\u011b ze d\u0159eva a kosti. Realizoval jsem i dv\u011b velk\u00e9 zak\u00e1zky na venkovn\u00ed skulptury, jednu ze d\u0159eva pro New Zealand Point v&nbsp;Mlad\u00fdch Buk\u00e1ch a druhou jako pouta\u010d pro obchod D\u011bdka ko\u0159en\u00e1\u0159e v&nbsp;Pardubic\u00edch.<\/p>\n\n\n\n<p>&nbsp;R\u00e1d pracuji &nbsp;s&nbsp;tvrd\u00fdmi d\u0159evy jako \u0161vestka, t\u0159e\u0161e\u0148 a dub. N\u00e1m\u011bty m\u00fdch reli\u00e9f\u016f a drobn\u00fdch plastik jsou p\u0159ev\u00e1\u017en\u011b figur\u00e1ln\u00ed jen v\u00fdjime\u010dn\u011b abstraktn\u00ed. M\u00e1 d\u00edla jsou roztrou\u0161ena mezi p\u0159\u00edbuzn\u00fdmi a zn\u00e1m\u00fdmi v&nbsp;\u010cR i po sv\u011bt\u011b, dv\u011b vlastn\u00ed Muzeum \u010cesk\u00e9ho r\u00e1je v&nbsp;Turnov\u011b.<\/p>\n\n\n\n<p>&nbsp; B\u011bhem m\u00e9ho dlouhodob\u00e9ho pobytu na Nov\u00e9m Z\u00e9landu mne zaujalo \u0159ezb\u00e1\u0159sk\u00e9 um\u011bn\u00ed Maor\u016f, zejm\u00e9na \u0159ezba z&nbsp;kosti a amulety. Maorsk\u00e1 ornamentika a symboly mou tvorbu siln\u011b ovlivnily. Na Nov\u00e9m Z\u00e9landu jsem se sezn\u00e1mil s&nbsp;m\u00edstn\u00edmi \u0159ezb\u00e1\u0159i, od kter\u00fdch jsem se u\u010dil. M\u00fdm hlavn\u00edm u\u010ditelem byl v\u00fdznamn\u00fd \u0159ezb\u00e1\u0159 Owen Mapp.<\/p>\n\n\n\n<p>&nbsp; \u0158ezbu z kosti se sna\u017e\u00edm i propagovat. O technice \u0159ezby z kosti a jej\u00ed historiive sv\u011bt\u011b jsem sepsal i kn\u00ed\u017ee\u010dku \u0158ezba a amulety z kosti.Tak\u00e9 vyu\u010duji \u0159ezbu z kosti formou workshop\u016f. nejv\u00edce jich bylo pro studenety st\u0159edn\u00edch um\u011bleck\u00fdch \u0161kole z r\u016fzn\u00fdch zem\u00ed Evropy&nbsp; p\u0159i jejich pobytu v Turnov\u011b.<\/p>\n\n\n\n<p>&nbsp; R\u00e1d d\u011bl\u00e1m v\u00fdstavy. Moji nejv\u011bt\u0161\u00ed akc\u00ed byla v\u00fdstava Sou\u010dasn\u00ed novoz\u00e9land\u0161t\u00ed \u0159ezb\u00e1\u0159i \u2013 kost a jadeit v Galerii I.Follov\u00e9&nbsp; v Praze v r. 1999. Druhou byla v\u00fdstava celo\u017eivotn\u00edho d\u00edla m\u00e9ho zesnul\u00e9ho tch\u00e1na J.V.Straky v muzeu Mladoboleslavska. Na v\u00edce m\u00edstech jsem uspo\u0159\u00e1dal v\u00fdstavy o Nov\u00e9m Z\u00e9landu \u2013 Muzeum v Brand\u00fdsi n.L., na z\u00e1mku v Ben\u00e1tk\u00e1ch n.J. a v Muzeu \u010cesk\u00e9ho r\u00e1je v Turnov\u011b. Ke v\u0161em v\u00fdstav\u00e1m jsem zpracoval katalogy. \u00da\u010dastnil jsem se i dal\u0161\u00edch v\u00fdstav v\u011bnovan\u00fdch Nov\u00e9mu Z\u00e9landu a po\u0159\u00e1dan\u00fdch nad\u0161enci pro tuto zemi a to v muzeu ve Fr\u00fddku-M\u00edstku, v Pod\u011bbradech, Karlov\u00fdch Varech, Rodnici n.L. a v Rokytov\u011b v\u00fdstavn\u00ed s\u00edni v Hradci Kr\u00e1lov\u00e9. Miniv\u00fdstavky jsem m\u011bl v N\u00e1prstkovu muzeu a v N\u00e1rodn\u00edm muzeu v Praze. Z\u00fa\u010dastnil jsem se v\u00edce ro\u010dn\u00edk\u016f \u0159ezb\u00e1\u0159sk\u00e9ho a \u0161perka\u0159sk\u00e9ho sympozia po\u0159\u00e1dan\u00e9ho Muzeem \u010cesk\u00e9ho r\u00e1je v Turnov\u011b.<\/p>\n\n\n\n<p>&nbsp;N\u011bkter\u00e9 sv\u00e9 \u0159ezby a hlavn\u011b amulety z&nbsp;kosti nab\u00edz\u00edm zde a jsem dodavatelem e-shopu&nbsp;<a href=\"http:\/\/www.drakkaria.cz\/\">www.drakkaria.cz<\/a><\/p>\n\n\n\n<p>&nbsp;Sv\u00e9 \u0159ezby a amulety jsem&nbsp;p\u0159edv\u00e1d\u011bl v&nbsp;TV Nova \u2013 Rady pt\u00e1ka Loskut\u00e1ka 17.4.2011 a ve Sn\u00eddani s&nbsp;Novou 15.6.2011<\/p>\n\n\n\n<figure class=\"wp-block-gallery has-nested-images columns-default is-cropped wp-block-gallery-1 is-layout-flex wp-block-gallery-is-layout-flex\">\n<figure class=\"wp-block-image size-large\"><img loading=\"lazy\" decoding=\"async\" width=\"483\" height=\"600\" data-id=\"958\" src=\"https:\/\/www.vladimircizek.com\/wp-content\/uploads\/2021\/11\/Kopie-Torzo-v-ovalu-kost-Medium-1.jpg\" alt=\"\" class=\"wp-image-958\" srcset=\"https:\/\/www.vladimircizek.com\/wp-content\/uploads\/2021\/11\/Kopie-Torzo-v-ovalu-kost-Medium-1.jpg 483w, https:\/\/www.vladimircizek.com\/wp-content\/uploads\/2021\/11\/Kopie-Torzo-v-ovalu-kost-Medium-1-242x300.jpg 242w\" sizes=\"(max-width: 483px) 100vw, 483px\" \/><figcaption>DCF 1.0<\/figcaption><\/figure>\n<figcaption class=\"blocks-gallery-caption\">Torzo v ov\u00e1lu<\/figcaption><\/figure>\n","protected":false},"excerpt":{"rendered":"<p>Zde najdete galerii m\u00fdch v\u00fdtvarn\u00fdch d\u011bl Jako amat\u00e9r jsem se v\u00fdtvarn\u00e9 \u010dinnosti v\u011bnoval od mali\u010dka. Ji\u017e b\u011bhem z\u00e1kladn\u00ed \u0161koly jsem chodil do \u0159ezb\u00e1\u0159sk\u00e9ho krou\u017eku. Potom za\u010dala u mne p\u0159eva\u017eovat malba olejem i k\u0159\u00eddami a ob\u010das jsem se vracel \u0159ezb\u00e1\u0159stv\u00ed. M\u011b jsem obdob\u00ed, kdy mne bavil um\u011bleck\u00fd \u0161perk ze d\u0159eva nebo kaligrafie. V&nbsp;posledn\u00ed dob\u011b se v\u011bnuji &hellip; <\/p>\n<p class=\"link-more\"><a href=\"https:\/\/www.vladimircizek.com\/index.php\/galerie\/\" class=\"more-link\">Pokra\u010dovat ve \u010dten\u00ed<span class=\"screen-reader-text\"> &#8222;Galerie&#8220;<\/span><\/a><\/p>\n","protected":false},"author":1,"featured_media":317,"parent":0,"menu_order":0,"comment_status":"closed","ping_status":"closed","template":"","meta":{"footnotes":""},"_links":{"self":[{"href":"https:\/\/www.vladimircizek.com\/index.php\/wp-json\/wp\/v2\/pages\/11"}],"collection":[{"href":"https:\/\/www.vladimircizek.com\/index.php\/wp-json\/wp\/v2\/pages"}],"about":[{"href":"https:\/\/www.vladimircizek.com\/index.php\/wp-json\/wp\/v2\/types\/page"}],"author":[{"embeddable":true,"href":"https:\/\/www.vladimircizek.com\/index.php\/wp-json\/wp\/v2\/users\/1"}],"replies":[{"embeddable":true,"href":"https:\/\/www.vladimircizek.com\/index.php\/wp-json\/wp\/v2\/comments?post=11"}],"version-history":[{"count":6,"href":"https:\/\/www.vladimircizek.com\/index.php\/wp-json\/wp\/v2\/pages\/11\/revisions"}],"predecessor-version":[{"id":1101,"href":"https:\/\/www.vladimircizek.com\/index.php\/wp-json\/wp\/v2\/pages\/11\/revisions\/1101"}],"wp:featuredmedia":[{"embeddable":true,"href":"https:\/\/www.vladimircizek.com\/index.php\/wp-json\/wp\/v2\/media\/317"}],"wp:attachment":[{"href":"https:\/\/www.vladimircizek.com\/index.php\/wp-json\/wp\/v2\/media?parent=11"}],"curies":[{"name":"wp","href":"https:\/\/api.w.org\/{rel}","templated":true}]}}